{"id":131,"date":"2022-04-22T10:45:50","date_gmt":"2022-04-22T08:45:50","guid":{"rendered":"https:\/\/www.topreserva.com\/sistema-de-reservas\/?page_id=131"},"modified":"2022-06-19T16:18:50","modified_gmt":"2022-06-19T14:18:50","slug":"aplicacion-en-el-telefono","status":"publish","type":"page","link":"https:\/\/www.topreserva.com\/sistema-de-reservas\/aplicacion-en-el-telefono\/","title":{"rendered":"Aplicacion en celular"},"content":{"rendered":"","protected":false},"excerpt":{"rendered":"","protected":false},"author":1,"featured_media":0,"parent":0,"menu_order":0,"comment_status":"closed","ping_status":"closed","template":"","meta":{"footnotes":""},"class_list":["post-131","page","type-page","status-publish","hentry"],"yoast_head":"<!-- This site is optimized with the Yoast SEO plugin v18.8 - https:\/\/yoast.com\/wordpress\/plugins\/seo\/ -->\n<title>Aplicaciones m\u00f3viles para tel\u00e9fonos - conf\u00ede en nosotros<\/title>\n<meta name=\"description\" content=\"Disponemos de aplicaciones m\u00f3viles para ambos tipos de tel\u00e9fonos. Contamos con aplicaciones m\u00f3viles tanto para nuestras operaciones como para nuestros clientes. Configuraremos el sistema para usted de forma gratuita, +421918108801\" \/>\n<meta name=\"robots\" content=\"index, follow, max-snippet:-1, max-image-preview:large, max-video-preview:-1\" \/>\n<link rel=\"canonical\" href=\"https:\/\/www.topreserva.com\/sistema-de-reservas\/aplicacion-en-el-telefono\/\" \/>\n<meta property=\"og:locale\" content=\"es_MX\" \/>\n<meta property=\"og:type\" content=\"article\" \/>\n<meta property=\"og:title\" content=\"Aplicaciones m\u00f3viles para tel\u00e9fonos - conf\u00ede en nosotros\" \/>\n<meta property=\"og:description\" content=\"Disponemos de aplicaciones m\u00f3viles para ambos tipos de tel\u00e9fonos. Contamos con aplicaciones m\u00f3viles tanto para nuestras operaciones como para nuestros clientes. Configuraremos el sistema para usted de forma gratuita, +421918108801\" \/>\n<meta property=\"og:url\" content=\"https:\/\/www.topreserva.com\/sistema-de-reservas\/aplicacion-en-el-telefono\/\" \/>\n<meta property=\"og:site_name\" content=\"Sistema de reservas\" \/>\n<meta property=\"article:modified_time\" content=\"2022-06-19T14:18:50+00:00\" \/>\n<meta name=\"twitter:card\" content=\"summary_large_image\" \/>\n<script type=\"application\/ld+json\" class=\"yoast-schema-graph\">{\"@context\":\"https:\/\/schema.org\",\"@graph\":[{\"@type\":\"WebSite\",\"@id\":\"https:\/\/www.topreserva.com\/sistema-de-reservas\/#website\",\"url\":\"https:\/\/www.topreserva.com\/sistema-de-reservas\/\",\"name\":\"Sistema de reservas\",\"description\":\"Sistema de reservas gratis Junto contigo creamos 15 y.\",\"potentialAction\":[{\"@type\":\"SearchAction\",\"target\":{\"@type\":\"EntryPoint\",\"urlTemplate\":\"https:\/\/www.topreserva.com\/sistema-de-reservas\/?s={search_term_string}\"},\"query-input\":\"required name=search_term_string\"}],\"inLanguage\":\"es\"},{\"@type\":\"WebPage\",\"@id\":\"https:\/\/www.topreserva.com\/sistema-de-reservas\/aplicacion-en-el-telefono\/#webpage\",\"url\":\"https:\/\/www.topreserva.com\/sistema-de-reservas\/aplicacion-en-el-telefono\/\",\"name\":\"Aplicaciones m\u00f3viles para tel\u00e9fonos - conf\u00ede en nosotros\",\"isPartOf\":{\"@id\":\"https:\/\/www.topreserva.com\/sistema-de-reservas\/#website\"},\"datePublished\":\"2022-04-22T08:45:50+00:00\",\"dateModified\":\"2022-06-19T14:18:50+00:00\",\"description\":\"Disponemos de aplicaciones m\u00f3viles para ambos tipos de tel\u00e9fonos. Contamos con aplicaciones m\u00f3viles tanto para nuestras operaciones como para nuestros clientes. Configuraremos el sistema para usted de forma gratuita, +421918108801\",\"breadcrumb\":{\"@id\":\"https:\/\/www.topreserva.com\/sistema-de-reservas\/aplicacion-en-el-telefono\/#breadcrumb\"},\"inLanguage\":\"es\",\"potentialAction\":[{\"@type\":\"ReadAction\",\"target\":[\"https:\/\/www.topreserva.com\/sistema-de-reservas\/aplicacion-en-el-telefono\/\"]}]},{\"@type\":\"BreadcrumbList\",\"@id\":\"https:\/\/www.topreserva.com\/sistema-de-reservas\/aplicacion-en-el-telefono\/#breadcrumb\",\"itemListElement\":[{\"@type\":\"ListItem\",\"position\":1,\"name\":\"Domovsk\u00e1 str\u00e1nka\",\"item\":\"https:\/\/www.topreserva.com\/sistema-de-reservas\/\"},{\"@type\":\"ListItem\",\"position\":2,\"name\":\"Aplicacion en celular\"}]}]}<\/script>\n<!-- \/ Yoast SEO plugin. -->","yoast_head_json":{"title":"Aplicaciones m\u00f3viles para tel\u00e9fonos - conf\u00ede en nosotros","description":"Disponemos de aplicaciones m\u00f3viles para ambos tipos de tel\u00e9fonos. Contamos con aplicaciones m\u00f3viles tanto para nuestras operaciones como para nuestros clientes. Configuraremos el sistema para usted de forma gratuita, +421918108801","robots":{"index":"index","follow":"follow","max-snippet":"max-snippet:-1","max-image-preview":"max-image-preview:large","max-video-preview":"max-video-preview:-1"},"canonical":"https:\/\/www.topreserva.com\/sistema-de-reservas\/aplicacion-en-el-telefono\/","og_locale":"es_MX","og_type":"article","og_title":"Aplicaciones m\u00f3viles para tel\u00e9fonos - conf\u00ede en nosotros","og_description":"Disponemos de aplicaciones m\u00f3viles para ambos tipos de tel\u00e9fonos. Contamos con aplicaciones m\u00f3viles tanto para nuestras operaciones como para nuestros clientes. Configuraremos el sistema para usted de forma gratuita, +421918108801","og_url":"https:\/\/www.topreserva.com\/sistema-de-reservas\/aplicacion-en-el-telefono\/","og_site_name":"Sistema de reservas","article_modified_time":"2022-06-19T14:18:50+00:00","twitter_card":"summary_large_image","schema":{"@context":"https:\/\/schema.org","@graph":[{"@type":"WebSite","@id":"https:\/\/www.topreserva.com\/sistema-de-reservas\/#website","url":"https:\/\/www.topreserva.com\/sistema-de-reservas\/","name":"Sistema de reservas","description":"Sistema de reservas gratis Junto contigo creamos 15 y.","potentialAction":[{"@type":"SearchAction","target":{"@type":"EntryPoint","urlTemplate":"https:\/\/www.topreserva.com\/sistema-de-reservas\/?s={search_term_string}"},"query-input":"required name=search_term_string"}],"inLanguage":"es"},{"@type":"WebPage","@id":"https:\/\/www.topreserva.com\/sistema-de-reservas\/aplicacion-en-el-telefono\/#webpage","url":"https:\/\/www.topreserva.com\/sistema-de-reservas\/aplicacion-en-el-telefono\/","name":"Aplicaciones m\u00f3viles para tel\u00e9fonos - conf\u00ede en nosotros","isPartOf":{"@id":"https:\/\/www.topreserva.com\/sistema-de-reservas\/#website"},"datePublished":"2022-04-22T08:45:50+00:00","dateModified":"2022-06-19T14:18:50+00:00","description":"Disponemos de aplicaciones m\u00f3viles para ambos tipos de tel\u00e9fonos. Contamos con aplicaciones m\u00f3viles tanto para nuestras operaciones como para nuestros clientes. Configuraremos el sistema para usted de forma gratuita, +421918108801","breadcrumb":{"@id":"https:\/\/www.topreserva.com\/sistema-de-reservas\/aplicacion-en-el-telefono\/#breadcrumb"},"inLanguage":"es","potentialAction":[{"@type":"ReadAction","target":["https:\/\/www.topreserva.com\/sistema-de-reservas\/aplicacion-en-el-telefono\/"]}]},{"@type":"BreadcrumbList","@id":"https:\/\/www.topreserva.com\/sistema-de-reservas\/aplicacion-en-el-telefono\/#breadcrumb","itemListElement":[{"@type":"ListItem","position":1,"name":"Domovsk\u00e1 str\u00e1nka","item":"https:\/\/www.topreserva.com\/sistema-de-reservas\/"},{"@type":"ListItem","position":2,"name":"Aplicacion en celular"}]}]}},"_links":{"self":[{"href":"https:\/\/www.topreserva.com\/sistema-de-reservas\/wp-json\/wp\/v2\/pages\/131","targetHints":{"allow":["GET"]}}],"collection":[{"href":"https:\/\/www.topreserva.com\/sistema-de-reservas\/wp-json\/wp\/v2\/pages"}],"about":[{"href":"https:\/\/www.topreserva.com\/sistema-de-reservas\/wp-json\/wp\/v2\/types\/page"}],"author":[{"embeddable":true,"href":"https:\/\/www.topreserva.com\/sistema-de-reservas\/wp-json\/wp\/v2\/users\/1"}],"replies":[{"embeddable":true,"href":"https:\/\/www.topreserva.com\/sistema-de-reservas\/wp-json\/wp\/v2\/comments?post=131"}],"version-history":[{"count":2,"href":"https:\/\/www.topreserva.com\/sistema-de-reservas\/wp-json\/wp\/v2\/pages\/131\/revisions"}],"predecessor-version":[{"id":243,"href":"https:\/\/www.topreserva.com\/sistema-de-reservas\/wp-json\/wp\/v2\/pages\/131\/revisions\/243"}],"wp:attachment":[{"href":"https:\/\/www.topreserva.com\/sistema-de-reservas\/wp-json\/wp\/v2\/media?parent=131"}],"curies":[{"name":"wp","href":"https:\/\/api.w.org\/{rel}","templated":true}]}}